{"id":39,"date":"2025-07-21T10:21:11","date_gmt":"2025-07-21T10:21:11","guid":{"rendered":"https:\/\/israsaintlouis.sn\/plateformeble\/home\/"},"modified":"2025-07-31T16:21:55","modified_gmt":"2025-07-31T16:21:55","slug":"home","status":"publish","type":"page","link":"https:\/\/israsaintlouis.sn\/plateformeble\/","title":{"rendered":"Home"},"content":{"rendered":"\n\n\n\n<h2>FICHES DESCRIPTIVES DES VARI\u00c9T\u00c9S<\/h2><h2>DE BL\u00c9 HOMOLOGU\u00c9ES AU S\u00c9N\u00c9GAL<\/h2>\n\n\n\n\n\n\n<p><font color=\"#7f7f7f\"><span style=\"font-size: 16px;\">Vari\u00e9t\u00e9 de bl\u00e9 tendre<\/span><\/font><\/p>\n\n\n\n\n<p><span style=\"color: rgb(127, 127, 127); font-size: 16px;\">Vari\u00e9t\u00e9 de bl\u00e9 tendre<\/span><\/p>\n\n\n\n\n<p><span style=\"color: rgb(127, 127, 127); font-size: 16px;\">Vari\u00e9t\u00e9 de bl\u00e9 tendre<\/span><\/p>\n\n\n\n\n<p><span style=\"color: rgb(127, 127, 127); font-size: 16px;\">Vari\u00e9t\u00e9 de bl\u00e9 tendre<\/span><\/p>\n\n\n\n\n\n\n<p><font color=\"#7f7f7f\"><span style=\"font-size: 16px;\">Vari\u00e9t\u00e9 de bl\u00e9 dur<\/span><\/font><\/p>\n\n\n\n\n<p><span style=\"color: rgb(127, 127, 127); font-size: 16px;\">Vari\u00e9t\u00e9 de bl\u00e9 dur<\/span><\/p>\n\n\n\n\n<p><span style=\"color: rgb(127, 127, 127); font-size: 16px;\">Vari\u00e9t\u00e9 de bl\u00e9 dur<\/span><\/p>\n\n\n\n\n<p><span style=\"color: rgb(127, 127, 127); font-size: 16px;\">Vari\u00e9t\u00e9 de bl\u00e9 dur<\/span><\/p>\n\n\n\n\n\n\n<h2>Produire du bl\u00e9 au S\u00e9n\u00e9gal: mythe ou r\u00e9alit\u00e9s ?<\/h2>\n\n\n<h5>100% du bl\u00e9 consomm\u00e9 au S\u00e9n\u00e9gal est import\u00e9. Afin d\u2019entre<br>prendre la culture du bl\u00e9 au S\u00e9n\u00e9gal et d\u2019inverser les tendances <br>d\u2019importation, plusieurs centaines de vari\u00e9t\u00e9s et lign\u00e9es avan<br>c\u00e9es de bl\u00e9 dur et de bl\u00e9 tendre provenant de l\u2019Egypte, du <br>Mali, du Maroc et des centres du CGIAR tels que CIMMYT et<br> ICARDA ont \u00e9t\u00e9 introduites au S\u00e9n\u00e9gal par l\u2019Institut S\u00e9n\u00e9galais <br>de Recherches Agricoles (ISRA) \u00e0 travers le Centre de <br>Recherches Agricoles (CRA) de Saint Louis pour des tests <br>d\u2019adaptabilit\u00e9.<\/h5>\n\n\n\n\n\n<p>Lorem Ipsum has been the industry&#8217;s standard dummy text ever since the 1500s.<\/p>\n\n\n\n\n\n\n\n\n\n\n\n\n\n<h5>BLE TENDRE<\/h5>\n\n\n\n\n\n\n\n\n<h5>Vall\u00e9e du Fleuve<br>Zone Sud<br>Zone de Casamance<br><\/h5>\n\n\n\n\n\n\n\n\n<h5>&#8211; les chercheurs de l&#8217;ISRA<br>&#8211; les Universitaires<\/h5>\n\n\n\n\n\n\n\n\n<h5>&#8211; Articles <br>&#8211; m\u00e9moires<br>&#8211; Th\u00e8se <\/h5>\n\n\n\n\n\n\n\n\n\n\n\n\n\n\n\n\n\n\n\n\n\n\n\n\n<p>Lorem Ipsum has been the industry&#8217;s standard dummy text ever since the 1500s.<\/p>\n\n\n\n<h2>Nous sommes Pour une production de pr\u00e9cision!<\/h2>\n\n<h5>Depuis son accession \u00e0 l\u2019ind\u00e9pendance, le S\u00e9n\u00e9gal s\u2019est toujours attel\u00e9 \u00e0<br>l\u2019am\u00e9lioration durable du bien-\u00eatre des populations \u00e0 travers plusieurs<br>r\u00e9f\u00e9rentiels de politique \u00e9conomique et sociale, une croissance trop faible<br>pour am\u00e9liorer le niveau de vie des populations (croissance \u00e9conomique<br>moyenne de 3,1% et croissance d\u00e9mographique de 2,8%).<\/h5>\n\n\n<h5>Durant la p\u00e9riode allant de 2014 \u00e0 2023, l\u2019\u00e9conomie a enregistr\u00e9 une<br>croissance moyenne de 5,3%, avec un d\u00e9veloppement des infrastructures de<br>transport (TER, BRT, plus de 3 328 Kms de routes, ponts et autoponts) et<br>\u00e9nerg\u00e9tiques (doublement de la puissance \u00e9lectrique install\u00e9e et hausse de<br>24% de l\u2019acc\u00e8s \u00e0 l\u2019\u00e9lectricit\u00e9). Celle-ci a principalement \u00e9t\u00e9 port\u00e9e par le<br>secteur tertiaire, comparativement au secondaire, malgr\u00e9 l\u2019ambition d\u2019une<br>transformation structurelle qui tarde \u00e0 se r\u00e9aliser.<\/h5>\n\n\n\n\n\n\n<h2>CARTOGRAPHIE DES PRODUCTEURS<\/h2>\n\n\t\t\t\t<div class='mapster-wp-maps-container'>\n\t\t\t\t<div class='mapster-wp-maps-loader-container' style='height: 400px;width: 100%;'>\n\t\t\t\t\t<div class='mapster-map-loader-initial' style='background-color: rgba(255,255,255,0.6)'>\n\t\t\t\t\t\t<svg stroke=\"rgba(0, 0, 0, 0.3)\" fill=\"rgba(0, 0, 0, 0.3)\"width=\"38\" height=\"38\" viewBox=\"0 0 38 38\" xmlns=\"http:\/\/www.w3.org\/2000\/svg\" stroke=\"#fff\"> <g fill=\"none\" fill-rule=\"evenodd\"> <g transform=\"translate(1 1)\" stroke-width=\"2\"> <circle stroke-opacity=\".5\" cx=\"18\" cy=\"18\" r=\"18\"\/> <path d=\"M36 18c0-9.94-8.06-18-18-18\"> <animateTransform attributeName=\"transform\" type=\"rotate\" from=\"0 18 18\" to=\"360 18 18\" dur=\"1s\" repeatCount=\"indefinite\"\/> <\/path> <\/g> <\/g> <\/svg>\n\t\t\t\t\t<\/div>\n\t\t\t\t<\/div>\n\t\t\t\t<div class='mapster-wp-maps'\n\t\t\t\t\tid='mapster-wp-maps-370'\n\t\t\t\t\tdata-id='370'\n\t\t\t\t\tdata-latitude='null'\n\t\t\t\t\tdata-longitude='null'\n\t\t\t\t\tdata-zoom='null'\n\t\t\t\t\tdata-single_feature_id=''\n\t\t\t\t\tdata-feature_ids=''>\n\t\t\t\t<\/div>\n\t\t\t\t\n\t\t\t<\/div>\n\t\t\n\n<h2>lES FICHES TECHNIQUES <\/h2>\n\n\n\n\n\n\n\n\n\n\n\n\n\n\n\n\n\n\n\n\n\n<h2>T\u00e9moignages des Acteurs <\/h2>\n\nIls doivent \u00eatre bien pr\u00e9par\u00e9s apr\u00e8s une double passe \u00e0 l\u2019offset et un bon planage pour obtenir un bon lit de semis. Le semis sur des bouillons larges est aussi possible pour la bonne gestion de l\u2019eau (irrigation et drainage) dans les sols lourds\n\n<span style=\"font-size: 16px;\"> UTILISATION DES R\u00c9SULTATS, APPRENTISSAGE,  COMMUNICATION\n <\/span>\n\nLes sols de type Fond\u00e9, Hollald\u00e9, de transition Fond\u00e9-Di\u00e9ri de la vall\u00e9e du Fleuve S\u00e9n\u00e9gal ainsi que les sols simi laires dans le bassin de l\u2019Anamb\u00e9 et dans d\u2019autres zones o\u00f9 l\u2019irrigation est possibles (exemple : zones des Niayes) sont appropri\u00e9s.&nbsp;\nLe bl\u00e9 se d\u00e9veloppe bien dans une gamme assez \nlarge de sols limoneux, sablo-limineux et argileux, \nriches en \u00e9l\u00e9ments nutritifs et assez filtrants. Ils doivent \u00eatre bien \npr\u00e9par\u00e9s apr\u00e8s une double passe \u00e0 l\u2019offset et un bon \nplanage pour obtenir un bon lit de semis. Le semis \nsur des bouillons larges est aussi possible pour la \nbonne gestion de l\u2019eau (irrigation et drainage) dans \nles sols lourds\n\n\n\n\n\n\n\n\n","protected":false},"excerpt":{"rendered":"","protected":false},"author":1,"featured_media":0,"parent":0,"menu_order":0,"comment_status":"closed","ping_status":"closed","template":"","meta":{"_acf_changed":false,"om_disable_all_campaigns":false,"pagelayer_contact_templates":[],"_pagelayer_content":"","footnotes":""},"class_list":["post-39","page","type-page","status-publish","hentry"],"acf":[],"jetpack_sharing_enabled":true,"_links":{"self":[{"href":"https:\/\/israsaintlouis.sn\/plateformeble\/wp-json\/wp\/v2\/pages\/39","targetHints":{"allow":["GET"]}}],"collection":[{"href":"https:\/\/israsaintlouis.sn\/plateformeble\/wp-json\/wp\/v2\/pages"}],"about":[{"href":"https:\/\/israsaintlouis.sn\/plateformeble\/wp-json\/wp\/v2\/types\/page"}],"author":[{"embeddable":true,"href":"https:\/\/israsaintlouis.sn\/plateformeble\/wp-json\/wp\/v2\/users\/1"}],"replies":[{"embeddable":true,"href":"https:\/\/israsaintlouis.sn\/plateformeble\/wp-json\/wp\/v2\/comments?post=39"}],"version-history":[{"count":5,"href":"https:\/\/israsaintlouis.sn\/plateformeble\/wp-json\/wp\/v2\/pages\/39\/revisions"}],"predecessor-version":[{"id":380,"href":"https:\/\/israsaintlouis.sn\/plateformeble\/wp-json\/wp\/v2\/pages\/39\/revisions\/380"}],"wp:attachment":[{"href":"https:\/\/israsaintlouis.sn\/plateformeble\/wp-json\/wp\/v2\/media?parent=39"}],"curies":[{"name":"wp","href":"https:\/\/api.w.org\/{rel}","templated":true}]}}