{"id":38,"date":"2025-07-21T10:21:11","date_gmt":"2025-07-21T10:21:11","guid":{"rendered":"https:\/\/israsaintlouis.sn\/plateformeble\/about\/"},"modified":"2025-07-28T20:09:59","modified_gmt":"2025-07-28T20:09:59","slug":"about","status":"publish","type":"page","link":"https:\/\/israsaintlouis.sn\/plateformeble\/about\/","title":{"rendered":"About"},"content":{"rendered":"\n\n\n\n\n\n<h2> PROJET FIRST ACTS BL\u00c9<\/h2>\n<h5>\u00c0 travers le monde, la flamb\u00e9e et la sp\u00e9culation des prix sur le bl\u00e9 ainsi que la r\u00e9tention des \nc\u00e9r\u00e9ales de qualit\u00e9 se poursuivent depuis la crise g\u00e9n\u00e9ralis\u00e9e de la COVID-19 et ses effets \nconnexes. Cette situation est \u00e9galement amplifi\u00e9e par les guerres entre l\u2019Ukraine et la Russie \net entre la Palestine et l\u2019Isra\u00ebl. Au S\u00e9n\u00e9gal, les importations de c\u00e9r\u00e9ales sont, pour une part \nsignificative, constitu\u00e9es du riz et du bl\u00e9 qui occupent une bonne partie de la facture c\u00e9r\u00e9ali\u00e8re \ndu pays. Ainsi, pour le riz, l\u2019\u00c9tat a d\u00e9ploy\u00e9 des efforts importants \u00e0 travers le Programme \nNational d\u2019Autosuffisance en Riz (PNAR) mais en ce qui concerne le bl\u00e9, les initiatives de \nl\u2019\u00c9tat restent peu visibles et ne permettent pas encore d\u2019endiguer les effets la d\u00e9pendance \nexclusive du pays vis-\u00e0-vis du bl\u00e9 import\u00e9 et certains de ses sous-produits.  \nLa vision des politiques publiques incarn\u00e9e par les nouvelles autorit\u00e9s du pays cible l\u2019atteinte \nde la souverainet\u00e9 alimentaire \u00e0 travers la mise en \u0153uvre du concept \u201cBAY DUNDEE\u201d. <br> Dans \nce cadre le S\u00e9n\u00e9gal, \u00e0 travers l\u2019Institut S\u00e9n\u00e9galais de Recherches Agricoles (ISRA), a entrepris \nces derni\u00e8res ann\u00e9es des efforts remarquables pour introduire et d\u00e9velopper des vari\u00e9t\u00e9s \u00e0 haut \npotentiel de rendement et bien adapt\u00e9es aux diff\u00e9rentes zones agro\u00e9cologiques du pays. Des \nactions ont \u00e9t\u00e9 \u00e9galement men\u00e9es pour leur valorisation et adoption \u00e0 grande \u00e9chelle afin de \nsoutenir durablement les acteurs de la cha\u00eene de valeur bl\u00e9.  \nDans le cadre du projet FIRST ACTS BL\u00c9, plusieurs activit\u00e9s de diffusion de ces vari\u00e9t\u00e9s ont \neu lieu aupr\u00e8s des producteurs et services techniques : i) <strong>formations et renforcements de \ncapacit\u00e9s des producteurs et techniciens,<\/strong><\/h5>\n<h5> ii) visites guid\u00e9es des parcelles exp\u00e9rimentales,<\/h5>\n<h5> iii) \n<strong>organisation de journ\u00e9es de sensibilisation et de d\u00e9monstration et <\/strong><\/h5>\n<h5>iv) mise en place d\u2019outils \ninnovants, notamment une plateforme en ligne pour le partage d\u2019exp\u00e9riences et de ressources. <\/h5>\n<h5>\nCompte tenu des r\u00e9sultats probants obtenus, il appara\u00eet n\u00e9cessaire de f\u00e9d\u00e9rer l\u2019ensemble des \nacteurs et de r\u00e9fl\u00e9chir collectivement \u00e0 la structuration d\u2019un Programme national bl\u00e9, qui \npermettra d\u2019assurer une meilleure coordination des initiatives, d\u2019accro\u00eetre la production \nnationale et de renforcer la souverainet\u00e9 alimentaire du pays.  <\/h5>\n\n\n\n\n\n\n\n\n<h2>Les acteurs du Bl\u00e9<\/h2>\n\n\n\n\n\n\n\n\n\n\n\n\n\n\n\n\n\n\n\n\n\n\n\n\n\n\n\n\n\n\n\n\n<h2>T\u00e9moignages des acteurs <\/h2>\n\n<span style=\"font-size: 16px;\"> Les Semenciers<\/span>.\n<span style=\"font-size: 16px;\"> Les transformateurs <\/span>\n<span style=\"font-size: 16px;\">Les industriels <\/span>\n\n\n\n","protected":false},"excerpt":{"rendered":"","protected":false},"author":1,"featured_media":0,"parent":0,"menu_order":0,"comment_status":"closed","ping_status":"closed","template":"","meta":{"_acf_changed":false,"om_disable_all_campaigns":false,"pagelayer_contact_templates":[],"_pagelayer_content":"","footnotes":""},"class_list":["post-38","page","type-page","status-publish","hentry"],"acf":[],"jetpack_sharing_enabled":true,"_links":{"self":[{"href":"https:\/\/israsaintlouis.sn\/plateformeble\/wp-json\/wp\/v2\/pages\/38","targetHints":{"allow":["GET"]}}],"collection":[{"href":"https:\/\/israsaintlouis.sn\/plateformeble\/wp-json\/wp\/v2\/pages"}],"about":[{"href":"https:\/\/israsaintlouis.sn\/plateformeble\/wp-json\/wp\/v2\/types\/page"}],"author":[{"embeddable":true,"href":"https:\/\/israsaintlouis.sn\/plateformeble\/wp-json\/wp\/v2\/users\/1"}],"replies":[{"embeddable":true,"href":"https:\/\/israsaintlouis.sn\/plateformeble\/wp-json\/wp\/v2\/comments?post=38"}],"version-history":[{"count":5,"href":"https:\/\/israsaintlouis.sn\/plateformeble\/wp-json\/wp\/v2\/pages\/38\/revisions"}],"predecessor-version":[{"id":205,"href":"https:\/\/israsaintlouis.sn\/plateformeble\/wp-json\/wp\/v2\/pages\/38\/revisions\/205"}],"wp:attachment":[{"href":"https:\/\/israsaintlouis.sn\/plateformeble\/wp-json\/wp\/v2\/media?parent=38"}],"curies":[{"name":"wp","href":"https:\/\/api.w.org\/{rel}","templated":true}]}}