{"id":152,"date":"2025-07-25T12:27:23","date_gmt":"2025-07-25T12:27:23","guid":{"rendered":"https:\/\/israsaintlouis.sn\/plateformeble\/?page_id=152"},"modified":"2025-07-29T12:52:05","modified_gmt":"2025-07-29T12:52:05","slug":"les-acteurs","status":"publish","type":"page","link":"https:\/\/israsaintlouis.sn\/plateformeble\/les-acteurs\/","title":{"rendered":"Les acteurs"},"content":{"rendered":"\n\n\n\n\n\n\n\n\n<p>Du bl\u00e9 au S\u00e9n\u00e9gal : Culture \u00e9mergente dans la Vall\u00e9e du Fleuve S\u00e9n\u00e9gal <\/p>\n\n\n\n<p style=\"text-align: left;\"><span style=\"color: rgb(255, 255, 255);\">Le producteur de bl\u00e9 du S\u00e9n\u00e9gal.<\/span><\/p><span style=\"color: rgb(255, 255, 255);\"><br><\/span><p style=\"text-align: center;\"><font color=\"#ffffff\">FIRST ACT&nbsp;<\/font><span style=\"color: rgb(255, 255, 255); font-weight: 600; text-transform: uppercase; font-size: 18px;\">&nbsp;<\/span><span style=\"color: rgb(255, 255, 255); text-transform: uppercase; font-size: 18px;\"><strong>bl\u00e9<\/strong><\/span><\/p>\n\n\n<p style=\"text-align: left;\"><span style=\"color: rgb(255, 255, 255);\">Stand de l&#8217;ISRA \u00e0 la FIARA avec une exposition d.<\/span><\/p><span style=\"color: rgb(255, 255, 255);\"><br><\/span><p style=\"text-align: center;\"><font color=\"#ffffff\" style=\"font-size: 14px;\">FIRST ACT&nbsp;<\/font><span style=\"color: rgb(255, 255, 255); font-weight: 600; text-transform: uppercase;\">&nbsp;<\/span><span style=\"color: rgb(255, 255, 255); text-transform: uppercase;\"><span style=\"font-weight: bolder;\">bl\u00e9<\/span><\/span><\/p>\n\n\n<p style=\"text-align: left;\"><font color=\"#ffffff\">Le Ministre Ali Ngouye NDIAYE<\/font><\/p><span style=\"color: rgb(255, 255, 255);\"><br><\/span><p style=\"text-align: center;\"><font color=\"#ffffff\">FIRST ACT&nbsp;<\/font><span style=\"color: rgb(255, 255, 255); font-weight: 600; text-transform: uppercase; font-size: 18px;\">&nbsp;<\/span><span style=\"color: rgb(255, 255, 255); text-transform: uppercase; font-size: 18px;\"><span style=\"font-weight: bolder;\">bl\u00e9<\/span><\/span><\/p>\n\n\n\n\n\n\nCulture du bl\u00e9 au S\u00e9n\u00e9gal, un r\u00eave devenu r\u00e9alit\u00e9 !\n\n\n\n\n\n\n\n<p><span style=\"font-size: 14px; color: rgb(216, 216, 216);\">It is a long established fact that a reader will be distracted by the readable content of a page when looking at its layout.<\/span><\/p>\n\n\n\n\n\n\n\n<p><span style=\"font-size: 14px; color: rgb(216, 216, 216);\">It is a long established fact that a reader will be distracted by the readable content of a page when looking at its layout.<\/span><\/p>\n\n\n\n\n\n\n\n<p><span style=\"font-size: 14px; color: rgb(216, 216, 216);\">It is a long established fact that a reader will be distracted by the readable content of a page when looking at its layout.<\/span><\/p>\n\n\n\n\n\n\n\n\n\n<p><span style=\"font-size: 14px; color: rgb(216, 216, 216);\">It is a long established fact that a reader will be distracted by the readable content of a page when looking at its layout.<\/span><\/p>\n\n\n\n\n\n\n\n<p><span style=\"font-size: 14px; color: rgb(216, 216, 216);\">It is a long established fact that a reader will be distracted by the readable content of a page when looking at its layout.<\/span><\/p>\n\n\n\n\n\n\n\n<p><span style=\"font-size: 14px; color: rgb(216, 216, 216);\">It is a long established fact that a reader will be distracted by the readable content of a page when looking at its layout.<\/span><\/p>\n\n\n\n\n\n\nFIRST ACT BL\u00c9\n\n\n\n\nDedicated Doctors\n\n\n\n\n\n\n\n\n\n\n\n\n\n\n\n\n\nDr SALL&nbsp;\nS\u00e9l\u00e9ctionneur\n\n\n\n\n\n\n\n\n\n\n\n\n\n\n\n\n\n\n\n\n\n\n\nMoussa Ndiaye\nF\u00e9d\u00e9ration des Boulangers du S\u00e9n\u00e9gal\n\n\n\n\n\n\n\n\n\n\n\n\n\n\n\n\n\n\n\n\n\n\n\nAissatou Ba\nGIE Gawane\n\n\n\n\n\n\n\n\n\n\n\n\n\n\n\n\n\n\n\n\n\n\n\nMoussa BA\nProducteur de Bl\u00e9 Zone Nord\n\n\n\n\n\n\n\n\n\n\n\n\n\n\n\n\n\n\n\n\n\n\n\n\n\nElhadj DIA&nbsp;\nBoulangerie JAUNE\n\n\n\n\n\n\n\n\n\n\n\n\n\n\n\n\n\n\n\n\n\n\n\nMoussa Ndiaye\nF\u00e9d\u00e9ration des Boulangers du S\u00e9n\u00e9gal\n\n\n\n\n\n\n\n\n\n\n\n\n\n\n\n\n\n\n\n\n\n\n\nAissatou Ba\nGIE Gawane\n\n\n\n\n\n\n\n\n\n\n\n\n\n\n\n\n\n\n\n\n\n\n\nMoussa BA\nProducteur de Bl\u00e9 Zone Nord\n\n\n\n\n\n\n\n\n\n\n\n","protected":false},"excerpt":{"rendered":"","protected":false},"author":1,"featured_media":0,"parent":0,"menu_order":0,"comment_status":"closed","ping_status":"closed","template":"","meta":{"_acf_changed":false,"om_disable_all_campaigns":false,"pagelayer_contact_templates":[],"_pagelayer_content":"","footnotes":""},"class_list":["post-152","page","type-page","status-publish","hentry"],"acf":[],"jetpack_sharing_enabled":true,"_links":{"self":[{"href":"https:\/\/israsaintlouis.sn\/plateformeble\/wp-json\/wp\/v2\/pages\/152","targetHints":{"allow":["GET"]}}],"collection":[{"href":"https:\/\/israsaintlouis.sn\/plateformeble\/wp-json\/wp\/v2\/pages"}],"about":[{"href":"https:\/\/israsaintlouis.sn\/plateformeble\/wp-json\/wp\/v2\/types\/page"}],"author":[{"embeddable":true,"href":"https:\/\/israsaintlouis.sn\/plateformeble\/wp-json\/wp\/v2\/users\/1"}],"replies":[{"embeddable":true,"href":"https:\/\/israsaintlouis.sn\/plateformeble\/wp-json\/wp\/v2\/comments?post=152"}],"version-history":[{"count":5,"href":"https:\/\/israsaintlouis.sn\/plateformeble\/wp-json\/wp\/v2\/pages\/152\/revisions"}],"predecessor-version":[{"id":280,"href":"https:\/\/israsaintlouis.sn\/plateformeble\/wp-json\/wp\/v2\/pages\/152\/revisions\/280"}],"wp:attachment":[{"href":"https:\/\/israsaintlouis.sn\/plateformeble\/wp-json\/wp\/v2\/media?parent=152"}],"curies":[{"name":"wp","href":"https:\/\/api.w.org\/{rel}","templated":true}]}}